{"id":238,"date":"2024-04-26T14:34:23","date_gmt":"2024-04-26T18:34:23","guid":{"rendered":"https:\/\/www.tubufetelegal.com\/testimonials-4-story\/"},"modified":"2024-04-27T15:03:31","modified_gmt":"2024-04-27T19:03:31","slug":"hasta-que-el-dinero-nos-separe","status":"publish","type":"page","link":"https:\/\/www.tubufetelegal.com\/es\/hasta-que-el-dinero-nos-separe\/","title":{"rendered":"Hasta que el dinero nos separe"},"content":{"rendered":"<div style=\"height:80px\" aria-hidden=\"true\" class=\"wp-block-spacer\"><\/div>\n\n\n\n<h1 class=\"wp-block-heading has-text-align-center has-neve-text-color-color has-text-color\">Hasta que el dinero nos separe<\/h1>\n\n\n\n<figure class=\"wp-block-pullquote\"><blockquote><p>El nuevo libro de la Lcda. Enid Flores aborda el tema del dinero sin afectar la qu\u00edmica amorosa<\/p><\/blockquote><\/figure>\n\n\n\n<div id=\"wp-block-themeisle-blocks-advanced-columns-2c60bc77\" class=\"wp-block-themeisle-blocks-advanced-columns alignfull has-1-columns has-desktop-equal-layout has-tablet-equal-layout has-mobile-collapsedRows-layout has-reverse-columns-mobile has-vertical-center ticss-c00aadba\"><div class=\"wp-block-themeisle-blocks-advanced-columns-overlay\"><\/div><div class=\"innerblocks-wrap\">\n<div id=\"wp-block-themeisle-blocks-advanced-column-75b9263d\" class=\"wp-block-themeisle-blocks-advanced-column\">\n<p id=\"wp-block-themeisle-blocks-advanced-heading-40ecd43d\" class=\"wp-block-themeisle-blocks-advanced-heading wp-block-themeisle-blocks-advanced-heading-40ecd43d\"><strong>Disponible en Casa Norberto y Amazon<\/strong><\/p>\n\n\n\n<div class=\"wp-block-buttons is-content-justification-center is-layout-flex wp-container-core-buttons-is-layout-16018d1d wp-block-buttons-is-layout-flex\">\n<div class=\"wp-block-button is-style-primary\"><a class=\"wp-block-button__link has-nv-c-1-background-color has-background wp-element-button\" href=\"https:\/\/www.amazon.com\/-\/es\/Lcda-Enid-D-Flores\/dp\/B0CNN1S29R\/ref=sr_1_1?crid=1F9W6VZO32MGV&amp;dib=eyJ2IjoiMSJ9.B8SRf-pXm76GglIEH-4_M9wQ9jX52Qqd8tP-zjwEy1TAng1_vCfWoepC0eHyJlRAbn9IE8BjVe3xq-RpX8xdOEJG3BPvWCB_neDHaTtq3p9xuVmYxH-YQ1x45PEbM9nwsIhdOV2IqcJxbZFq8-RJKVbKzJb2Pz60l4Q0CX_U7ndubn9Az3dEoGnPlX7Mh_nsOuA_CuqQY4q8klB_Bayoy6VVm_pPs7YIRPiusg0Xys4._PaGPYgK02ULkXphl3ybliZEqHOhe6IL8N0EhC3tMUw&amp;dib_tag=se&amp;keywords=hasta+que+el+dinero+nos+separe+libro&amp;qid=1714140669&amp;sprefix=hasta+que+el+dinero+nos+separe%2Caps%2C129&amp;sr=8-1#customerReviews\">Amazon<\/a><\/div>\n<\/div>\n\n\n\n<div style=\"height:100px\" aria-hidden=\"true\" class=\"wp-block-spacer\"><\/div>\n<\/div>\n<\/div><\/div>\n\n\n\n<div class=\"wp-block-cover is-light\" style=\"min-height:300px;aspect-ratio:unset;\"><span aria-hidden=\"true\" class=\"wp-block-cover__background has-nv-site-bg-background-color has-background-dim-100 has-background-dim\"><\/span><div class=\"wp-block-cover__inner-container is-layout-flow wp-block-cover-is-layout-flow\">\n<p class=\"has-text-align-center has-large-font-size\"><strong>Disponible en Casa Norberto<\/strong><\/p>\n\n\n\n<p>Ya no tienes que esperar por env\u00edo. El libro \u201cHasta que el dinero nos separe\u201d ya est\u00e1 a la venta en la librer\u00eda Casa Norberto. Consigue tu copia hoy, en sus localidades en Plaza Las Am\u00e9ricas o en R\u00edo Piedras.<\/p>\n<\/div><\/div>\n\n\n\n<div id=\"wp-block-themeisle-blocks-advanced-columns-80ebd974\" class=\"wp-block-themeisle-blocks-advanced-columns has-1-columns has-desktop-equal-layout has-tablet-equal-layout has-mobile-equal-layout has-vertical-unset\"><div class=\"wp-block-themeisle-blocks-advanced-columns-overlay\"><\/div><div class=\"innerblocks-wrap\">\n<div id=\"wp-block-themeisle-blocks-advanced-column-c190f7d0\" class=\"wp-block-themeisle-blocks-advanced-column\"><div class=\"wp-block-themeisle-blocks-advanced-column-overlay\"><\/div>\n<p class=\"has-text-align-center has-nv-text-dark-bg-color has-text-color has-link-color has-large-font-size wp-elements-0c0eb8d16684630f2cffe4393b8a3059\"><strong>\u00danete a los eventos y pon el libro en acci\u00f3n<\/strong><\/p>\n\n\n\n<p class=\"has-nv-text-dark-bg-color has-text-color has-link-color wp-elements-0a7df7f8a4583b8c7993267b1a442656\">La Lcda. Enid Flores estar\u00e1 ofreciendo una variedad de presentaciones, charlas, entrevistas y talleres para beneficio p\u00fablico. En estos eventos podr\u00e1s complementar tu lectura o comprar el libro.<\/p>\n<\/div>\n<\/div><\/div>\n\n\n\n<div style=\"height:40px\" aria-hidden=\"true\" class=\"wp-block-spacer\"><\/div>\n\n\n<ul style=\"padding-top:0;padding-bottom:0;padding-left:0;padding-right:0;\" class=\"wp-block-latest-posts__list is-grid columns-3 wp-block-latest-posts\"><li><a class=\"wp-block-latest-posts__post-title\" href=\"https:\/\/www.tubufetelegal.com\/es\/2025\/04\/09\/como-detectar-fraudes-y-confirmar-si-una-persona-es-bona-fide\/\">\u00bfC\u00f3mo detectar fraudes y confirmar si una persona es bona fide?<\/a><div class=\"wp-block-latest-posts__post-excerpt\">En un mundo donde los fraudes financieros y personales est\u00e1n en aumento, es vital saber c\u00f3mo protegerte antes de firmar contratos, hacer negocios o compartir informaci\u00f3n sensible. Desde mi experiencia como abogada, quiero compartirte algunas estrategias pr\u00e1cticas para confirmar si una persona o entidad es leg\u00edtima (bona fide) y evitar caer en enga\u00f1os. 1. Verifica la identidad legal Solicita documentos oficiales como identificaciones vigentes, licencias profesionales, n\u00fameros contributivos (SSN o EIN) o registrales. Aseg\u00farate de que sean reales y coherentes. Por ejemplo, el Certificado de Comerciante en Puerto Rico es necesario para todo el que haga negocios. 2. Consulta fuentes&hellip;&nbsp;<div class=\"read-more-wrapper\"><a href=\"https:\/\/www.tubufetelegal.com\/es\/2025\/04\/09\/como-detectar-fraudes-y-confirmar-si-una-persona-es-bona-fide\/\" class=\"button button-secondary\" rel=\"bookmark\">Read More &raquo;<span class=\"screen-reader-text\">\u00bfC\u00f3mo detectar fraudes y confirmar si una persona es bona fide?<\/span><\/a><\/div><\/div><\/li>\n<li><div class=\"wp-block-latest-posts__featured-image\"><img loading=\"lazy\" decoding=\"async\" width=\"300\" height=\"200\" src=\"https:\/\/www.tubufetelegal.com\/wp-content\/uploads\/368\/2024\/04\/HQDNS-mockup-2-300x200.jpg\" class=\"attachment-medium size-medium wp-post-image\" alt=\"\" style=\"\" srcset=\"https:\/\/www.tubufetelegal.com\/wp-content\/uploads\/368\/2024\/04\/HQDNS-mockup-2-300x200.jpg 300w, https:\/\/www.tubufetelegal.com\/wp-content\/uploads\/368\/2024\/04\/HQDNS-mockup-2-1024x683.jpg 1024w, https:\/\/www.tubufetelegal.com\/wp-content\/uploads\/368\/2024\/04\/HQDNS-mockup-2-768x512.jpg 768w, https:\/\/www.tubufetelegal.com\/wp-content\/uploads\/368\/2024\/04\/HQDNS-mockup-2-1536x1024.jpg 1536w, https:\/\/www.tubufetelegal.com\/wp-content\/uploads\/368\/2024\/04\/HQDNS-mockup-2-2048x1365.jpg 2048w, https:\/\/www.tubufetelegal.com\/wp-content\/uploads\/368\/2024\/04\/HQDNS-mockup-2-50x33.jpg 50w, https:\/\/www.tubufetelegal.com\/wp-content\/uploads\/368\/2024\/04\/HQDNS-mockup-2-1600x1067.jpg 1600w\" sizes=\"auto, (max-width: 300px) 100vw, 300px\" \/><\/div><a class=\"wp-block-latest-posts__post-title\" href=\"https:\/\/www.tubufetelegal.com\/es\/2025\/02\/12\/happy-hour-con-la-autora\/\">&#8220;Happy Hour&#8221; con la autora<\/a><div class=\"wp-block-latest-posts__post-excerpt\">El libro Hasta que el dinero nos separe de la licenciada Enid Flores aborda temas financieros y emocionales relacionados con las parejas, el manejo del dinero y la importancia de una buena comunicaci\u00f3n financiera en las relaciones. Algunos de los beneficios de leer este libro son: Si te interesa el tema de la estabilidad financiera en pareja y c\u00f3mo esta puede impactar la relaci\u00f3n, este libro puede ser una herramienta valiosa. Completa el registro (a continuaci\u00f3n) y cuando llegues al evento te daremos una herramienta adicional que podr\u00e1s descargar libre de costo.<\/div><\/li>\n<li><a class=\"wp-block-latest-posts__post-title\" href=\"https:\/\/www.tubufetelegal.com\/es\/2024\/06\/14\/tu-salud-financiera-te-orienta\/\">Tu Salud Financiera Te Orienta<\/a><div class=\"wp-block-latest-posts__post-excerpt\">La Lcda. Enid Flores, autora del libro, &#8220;Hasta que el dinero nos separe&#8221; y analista del programa televisivo &#8220;Tu Salud Financiera&#8221; te invita a compartir con ella dudas o an\u00e9cdotas que levantan duda de c\u00f3mo proceder. La Lcda. Flores seleccionara entre los solicitudes una pregunta o an\u00e9cdota para discutir durante su segmento de asesor\u00eda legal en el programa televisado, o en columnas en el portal y en otros medios para contestar solicitudes de orientaci\u00f3n. Pol\u00edtica de privacidad y par\u00e1metros del servicio: Tu Salud Financiera es un programa semanal de econom\u00eda, finanzas y legal. Presentado por el canal 13 Tele Oro&hellip;&nbsp;<div class=\"read-more-wrapper\"><a href=\"https:\/\/www.tubufetelegal.com\/es\/2024\/06\/14\/tu-salud-financiera-te-orienta\/\" class=\"button button-secondary\" rel=\"bookmark\">Read More &raquo;<span class=\"screen-reader-text\">Tu Salud Financiera Te Orienta<\/span><\/a><\/div><\/div><\/li>\n<li><div class=\"wp-block-latest-posts__featured-image\"><img loading=\"lazy\" decoding=\"async\" width=\"300\" height=\"300\" src=\"https:\/\/www.tubufetelegal.com\/wp-content\/uploads\/368\/2024\/04\/ImpulsoTec-LanzamientohechoenPR-300x300.png\" class=\"attachment-medium size-medium wp-post-image\" alt=\"\" style=\"\" srcset=\"https:\/\/www.tubufetelegal.com\/wp-content\/uploads\/368\/2024\/04\/ImpulsoTec-LanzamientohechoenPR-300x300.png 300w, https:\/\/www.tubufetelegal.com\/wp-content\/uploads\/368\/2024\/04\/ImpulsoTec-LanzamientohechoenPR-1022x1024.png 1022w, https:\/\/www.tubufetelegal.com\/wp-content\/uploads\/368\/2024\/04\/ImpulsoTec-LanzamientohechoenPR-150x150.png 150w, https:\/\/www.tubufetelegal.com\/wp-content\/uploads\/368\/2024\/04\/ImpulsoTec-LanzamientohechoenPR-768x769.png 768w, https:\/\/www.tubufetelegal.com\/wp-content\/uploads\/368\/2024\/04\/ImpulsoTec-LanzamientohechoenPR-50x50.png 50w, https:\/\/www.tubufetelegal.com\/wp-content\/uploads\/368\/2024\/04\/ImpulsoTec-LanzamientohechoenPR.png 1274w\" sizes=\"auto, (max-width: 300px) 100vw, 300px\" \/><\/div><a class=\"wp-block-latest-posts__post-title\" href=\"https:\/\/www.tubufetelegal.com\/es\/2024\/04\/26\/impulsando-la-salud-financiera\/\">Impulsando la Salud Financiera<\/a><div class=\"wp-block-latest-posts__post-excerpt\">El pasado 7 de marzo la ImpulsoTec auspici\u00f3 un conversatorio en el HUB de Hecho en Puerto Rico en el 3er piso de Plaza Las Am\u00e9ricas en el cual se discutieron varios temas del libro &#8220;Hasta que el dinero nos separe&#8221;. La Lcda. Agnes Crespo, Directora de IBTS Puerto Rico, resalt\u00f3 la importancia de que se hablara de temas legales y financieros, no solo entre familiares sino as\u00ed tambi\u00e9n en el contexto de negocios. Los ejercicios del libro ayudan al lector a fortalecer su lenguaje y conocimiento para poder dejar atr\u00e1s el tabu de hablar de dinero, y en el&hellip;&nbsp;<div class=\"read-more-wrapper\"><a href=\"https:\/\/www.tubufetelegal.com\/es\/2024\/04\/26\/impulsando-la-salud-financiera\/\" class=\"button button-secondary\" rel=\"bookmark\">Read More &raquo;<span class=\"screen-reader-text\">Impulsando la Salud Financiera<\/span><\/a><\/div><\/div><\/li>\n<li><div class=\"wp-block-latest-posts__featured-image\"><img loading=\"lazy\" decoding=\"async\" width=\"300\" height=\"200\" src=\"https:\/\/www.tubufetelegal.com\/wp-content\/uploads\/368\/2024\/04\/HQDNS-mockup-1-300x200.jpg\" class=\"attachment-medium size-medium wp-post-image\" alt=\"\" style=\"\" srcset=\"https:\/\/www.tubufetelegal.com\/wp-content\/uploads\/368\/2024\/04\/HQDNS-mockup-1-300x200.jpg 300w, https:\/\/www.tubufetelegal.com\/wp-content\/uploads\/368\/2024\/04\/HQDNS-mockup-1-1024x683.jpg 1024w, https:\/\/www.tubufetelegal.com\/wp-content\/uploads\/368\/2024\/04\/HQDNS-mockup-1-768x512.jpg 768w, https:\/\/www.tubufetelegal.com\/wp-content\/uploads\/368\/2024\/04\/HQDNS-mockup-1-1536x1024.jpg 1536w, https:\/\/www.tubufetelegal.com\/wp-content\/uploads\/368\/2024\/04\/HQDNS-mockup-1-2048x1365.jpg 2048w, https:\/\/www.tubufetelegal.com\/wp-content\/uploads\/368\/2024\/04\/HQDNS-mockup-1-50x33.jpg 50w, https:\/\/www.tubufetelegal.com\/wp-content\/uploads\/368\/2024\/04\/HQDNS-mockup-1-1600x1067.jpg 1600w\" sizes=\"auto, (max-width: 300px) 100vw, 300px\" \/><\/div><a class=\"wp-block-latest-posts__post-title\" href=\"https:\/\/www.tubufetelegal.com\/es\/2024\/04\/26\/nuevo-libro-de-la-lcda-enid-flores\/\">Nuevo Libro de la Lcda. Enid Flores<\/a><div class=\"wp-block-latest-posts__post-excerpt\">Nuevo libro aborda el tema del dinero sin afectar la qu\u00edmica amorosa (San Juan, Puerto Rico) \u2013 Con un t\u00edtulo algo enigm\u00e1tico, Hasta que el dinero nos separe, la reconocida comunicadora, banquera y abogada, Enid D. Flores, lanza su primer libro en el que lleva al lector a cuestionar los tab\u00faes de hablar de dinero en las relaciones de pareja al encarar el desconocimiento del derecho y las finanzas en una relaci\u00f3n. De acuerdo con Laura Gorbea, directora ejecutiva de ImpulsoTec, entidad que presenta el lanzamiento de este libro, \u201cHasta que el dinero nos separe, cuenta la historia personal de&hellip;&nbsp;<div class=\"read-more-wrapper\"><a href=\"https:\/\/www.tubufetelegal.com\/es\/2024\/04\/26\/nuevo-libro-de-la-lcda-enid-flores\/\" class=\"button button-secondary\" rel=\"bookmark\">Read More &raquo;<span class=\"screen-reader-text\">Nuevo Libro de la Lcda. Enid Flores<\/span><\/a><\/div><\/div><\/li>\n<\/ul>","protected":false},"excerpt":{"rendered":"<p>Hasta que el dinero nos separe El nuevo libro de la Lcda. Enid Flores aborda el tema del dinero sin afectar la qu\u00edmica amorosa<\/p>","protected":false},"author":1,"featured_media":84,"parent":0,"menu_order":0,"comment_status":"closed","ping_status":"closed","template":"","meta":{"inline_featured_image":false,"_coblocks_attr":"","_coblocks_dimensions":"","_coblocks_responsive_height":"","_coblocks_accordion_ie_support":"","neve_meta_sidebar":"full-width","neve_meta_container":"contained","neve_meta_enable_content_width":"on","neve_meta_content_width":100,"neve_meta_title_alignment":"","neve_meta_author_avatar":"","neve_post_elements_order":"","neve_meta_disable_header":"","neve_meta_disable_footer":"","neve_meta_disable_title":"on","neve_meta_reading_time":"","_themeisle_gutenberg_block_has_review":false,"footnotes":""},"class_list":["post-238","page","type-page","status-publish","has-post-thumbnail","hentry"],"_links":{"self":[{"href":"https:\/\/www.tubufetelegal.com\/es\/wp-json\/wp\/v2\/pages\/238","targetHints":{"allow":["GET"]}}],"collection":[{"href":"https:\/\/www.tubufetelegal.com\/es\/wp-json\/wp\/v2\/pages"}],"about":[{"href":"https:\/\/www.tubufetelegal.com\/es\/wp-json\/wp\/v2\/types\/page"}],"author":[{"embeddable":true,"href":"https:\/\/www.tubufetelegal.com\/es\/wp-json\/wp\/v2\/users\/1"}],"replies":[{"embeddable":true,"href":"https:\/\/www.tubufetelegal.com\/es\/wp-json\/wp\/v2\/comments?post=238"}],"version-history":[{"count":13,"href":"https:\/\/www.tubufetelegal.com\/es\/wp-json\/wp\/v2\/pages\/238\/revisions"}],"predecessor-version":[{"id":267,"href":"https:\/\/www.tubufetelegal.com\/es\/wp-json\/wp\/v2\/pages\/238\/revisions\/267"}],"wp:featuredmedia":[{"embeddable":true,"href":"https:\/\/www.tubufetelegal.com\/es\/wp-json\/wp\/v2\/media\/84"}],"wp:attachment":[{"href":"https:\/\/www.tubufetelegal.com\/es\/wp-json\/wp\/v2\/media?parent=238"}],"curies":[{"name":"wp","href":"https:\/\/api.w.org\/{rel}","templated":true}]}}