{"id":80,"date":"2024-04-15T17:27:30","date_gmt":"2024-04-15T21:27:30","guid":{"rendered":"https:\/\/www.tubufetelegal.com\/?page_id=80"},"modified":"2024-04-15T17:27:30","modified_gmt":"2024-04-15T21:27:30","slug":"noticias-y-eventos","status":"publish","type":"page","link":"https:\/\/www.tubufetelegal.com\/en\/noticias-y-eventos\/","title":{"rendered":"Noticias y Eventos"},"content":{"rendered":"\n<div class=\"wp-block-media-text has-media-on-the-right is-stacked-on-mobile\"><div class=\"wp-block-media-text__content\">\n<p>Anualmente, la Lcda. Enid Flores participa en una docena de eventos y seminarios educativos. En esta secci\u00f3n conocer\u00e1s los productos m\u00e1s recientes y la agenda de eventos en los que comparte con el p\u00fablico.<\/p>\n<\/div><figure class=\"wp-block-media-text__media\"><img loading=\"lazy\" decoding=\"async\" width=\"872\" height=\"868\" src=\"https:\/\/www.tubufetelegal.com\/wp-content\/uploads\/368\/2024\/04\/Enid-sq-profile2023.jpg\" alt=\"\" class=\"wp-image-81 size-full\" srcset=\"https:\/\/www.tubufetelegal.com\/wp-content\/uploads\/368\/2024\/04\/Enid-sq-profile2023.jpg 872w, https:\/\/www.tubufetelegal.com\/wp-content\/uploads\/368\/2024\/04\/Enid-sq-profile2023-300x300.jpg 300w, https:\/\/www.tubufetelegal.com\/wp-content\/uploads\/368\/2024\/04\/Enid-sq-profile2023-150x150.jpg 150w, https:\/\/www.tubufetelegal.com\/wp-content\/uploads\/368\/2024\/04\/Enid-sq-profile2023-768x764.jpg 768w\" sizes=\"auto, (max-width: 872px) 100vw, 872px\" \/><\/figure><\/div>\n","protected":false},"excerpt":{"rendered":"<p>Anualmente, la Lcda. Enid Flores participa en una docena de eventos y seminarios educativos. En esta secci\u00f3n conocer\u00e1s los productos m\u00e1s recientes y la agenda de eventos en los que comparte con el p\u00fablico.<\/p>\n","protected":false},"author":1,"featured_media":0,"parent":0,"menu_order":0,"comment_status":"closed","ping_status":"closed","template":"","meta":{"inline_featured_image":false,"_coblocks_attr":"","_coblocks_dimensions":"","_coblocks_responsive_height":"","_coblocks_accordion_ie_support":"","neve_meta_sidebar":"","neve_meta_container":"","neve_meta_enable_content_width":"","neve_meta_content_width":0,"neve_meta_title_alignment":"","neve_meta_author_avatar":"","neve_post_elements_order":"","neve_meta_disable_header":"","neve_meta_disable_footer":"","neve_meta_disable_title":"","neve_meta_reading_time":"","_themeisle_gutenberg_block_has_review":false,"footnotes":""},"class_list":["post-80","page","type-page","status-publish","hentry"],"_links":{"self":[{"href":"https:\/\/www.tubufetelegal.com\/en\/wp-json\/wp\/v2\/pages\/80","targetHints":{"allow":["GET"]}}],"collection":[{"href":"https:\/\/www.tubufetelegal.com\/en\/wp-json\/wp\/v2\/pages"}],"about":[{"href":"https:\/\/www.tubufetelegal.com\/en\/wp-json\/wp\/v2\/types\/page"}],"author":[{"embeddable":true,"href":"https:\/\/www.tubufetelegal.com\/en\/wp-json\/wp\/v2\/users\/1"}],"replies":[{"embeddable":true,"href":"https:\/\/www.tubufetelegal.com\/en\/wp-json\/wp\/v2\/comments?post=80"}],"version-history":[{"count":2,"href":"https:\/\/www.tubufetelegal.com\/en\/wp-json\/wp\/v2\/pages\/80\/revisions"}],"predecessor-version":[{"id":119,"href":"https:\/\/www.tubufetelegal.com\/en\/wp-json\/wp\/v2\/pages\/80\/revisions\/119"}],"wp:attachment":[{"href":"https:\/\/www.tubufetelegal.com\/en\/wp-json\/wp\/v2\/media?parent=80"}],"curies":[{"name":"wp","href":"https:\/\/api.w.org\/{rel}","templated":true}]}}