{"id":2,"date":"2016-11-18T19:14:29","date_gmt":"2016-11-18T19:14:29","guid":{"rendered":"http:\/\/tubufetelegal.vidaboricua.com\/?page_id=2"},"modified":"2024-04-26T12:20:40","modified_gmt":"2024-04-26T16:20:40","slug":"services","status":"publish","type":"page","link":"https:\/\/www.tubufetelegal.com\/en\/services\/","title":{"rendered":"\u00c1reas de Servicio"},"content":{"rendered":"<p>Tu Bufete Legal es una firma de abogados con varias \u00e1reas de asesor\u00eda y representaci\u00f3n:<\/p>\n<ul>\n<li>corporativo y comercial (contratos y cobros)<\/li>\n<li>leyes laborales<\/li>\n<li>derecho de familia, sucesiones (testamentos), obligaciones y contratos<\/li>\n<li>pr\u00e1ctica y litigaci\u00f3n civil<\/li>\n<li>consultor\u00eda empresarial y financiera<\/li>\n<li>sector sin fines de lucro<\/li>\n<li>servicios de notar\u00eda (escrituras y declaraciones juradas)<\/li>\n<\/ul>\n<p>La firma adem\u00e1s cuenta con varios asociados con los cuales trabajamos casos criminales.<\/p>\n<p>&nbsp;<\/p>\n","protected":false},"excerpt":{"rendered":"<p>Tu Bufete Legal es una firma de abogados con varias \u00e1reas de asesor\u00eda y representaci\u00f3n: corporativo y comercial (contratos y cobros) leyes laborales derecho de familia, sucesiones (testamentos), obligaciones y contratos pr\u00e1ctica y litigaci\u00f3n civil consultor\u00eda empresarial y financiera sector sin fines de lucro servicios de notar\u00eda (escrituras y declaraciones juradas) La firma adem\u00e1s cuenta&hellip;&nbsp;<\/p>\n<div class=\"read-more-wrapper\"><a href=\"https:\/\/www.tubufetelegal.com\/en\/services\/\" class=\"button button-secondary\" rel=\"bookmark\">Read More &raquo;<span class=\"screen-reader-text\">\u00c1reas de Servicio<\/span><\/a><\/div>\n","protected":false},"author":1,"featured_media":0,"parent":0,"menu_order":0,"comment_status":"closed","ping_status":"open","template":"","meta":{"inline_featured_image":false,"_coblocks_attr":"","_coblocks_dimensions":"","_coblocks_responsive_height":"","_coblocks_accordion_ie_support":"","neve_meta_sidebar":"","neve_meta_container":"","neve_meta_enable_content_width":"","neve_meta_content_width":0,"neve_meta_title_alignment":"","neve_meta_author_avatar":"","neve_post_elements_order":"","neve_meta_disable_header":"","neve_meta_disable_footer":"","neve_meta_disable_title":"","neve_meta_reading_time":"","_themeisle_gutenberg_block_has_review":false,"footnotes":""},"class_list":["post-2","page","type-page","status-publish","hentry"],"_links":{"self":[{"href":"https:\/\/www.tubufetelegal.com\/en\/wp-json\/wp\/v2\/pages\/2","targetHints":{"allow":["GET"]}}],"collection":[{"href":"https:\/\/www.tubufetelegal.com\/en\/wp-json\/wp\/v2\/pages"}],"about":[{"href":"https:\/\/www.tubufetelegal.com\/en\/wp-json\/wp\/v2\/types\/page"}],"author":[{"embeddable":true,"href":"https:\/\/www.tubufetelegal.com\/en\/wp-json\/wp\/v2\/users\/1"}],"replies":[{"embeddable":true,"href":"https:\/\/www.tubufetelegal.com\/en\/wp-json\/wp\/v2\/comments?post=2"}],"version-history":[{"count":7,"href":"https:\/\/www.tubufetelegal.com\/en\/wp-json\/wp\/v2\/pages\/2\/revisions"}],"predecessor-version":[{"id":233,"href":"https:\/\/www.tubufetelegal.com\/en\/wp-json\/wp\/v2\/pages\/2\/revisions\/233"}],"wp:attachment":[{"href":"https:\/\/www.tubufetelegal.com\/en\/wp-json\/wp\/v2\/media?parent=2"}],"curies":[{"name":"wp","href":"https:\/\/api.w.org\/{rel}","templated":true}]}}