{"id":14,"date":"2016-11-19T18:41:04","date_gmt":"2016-11-19T18:41:04","guid":{"rendered":"http:\/\/tubufetelegal.vidaboricua.com\/?page_id=14"},"modified":"2017-02-03T14:55:44","modified_gmt":"2017-02-03T18:55:44","slug":"about","status":"publish","type":"page","link":"https:\/\/www.tubufetelegal.com\/en\/about\/","title":{"rendered":"Nosotros"},"content":{"rendered":"<h1 class=\"western\" align=\"justify\">Lcda. Enid D. Flores<\/h1>\n<p class=\"western\" align=\"justify\"><span style=\"font-family: Arial,serif;\"><span style=\"font-size: small;\"><span lang=\"es-PR\">Abogada con concentraci\u00f3n en <span style=\"font-family: Arial,serif;\"><span style=\"font-size: small;\">el \u00e1rea corporativa, bancaria, condominio y litigaci\u00f3n civil, adem\u00e1s de la notaria<\/span><\/span>. La Lcda. Enid D. Flores, cuenta con m\u00e1s de 19 a\u00f1os de experiencia en la industria bancaria a nivel local e internacional. Dentro del sector bancario, tanto p\u00fablico como privado, ha tenido el privilegio de servir en diferentes \u00e1reas a nivel directivo y ejecutivo, tales como riesgo, cr\u00e9dito comercial, desarrollo de negocios, comunicaciones y mercadeo. <\/span><\/span><\/span><\/p>\n<p class=\"western\" align=\"justify\"><span style=\"font-family: Arial,serif;\"><span style=\"font-size: small;\"><span lang=\"es-PR\">Su pasi\u00f3n por el sector empresarial la lleva a ser pionera con el desarrollo de la industria microfinanciera en Puerto Rico, siendo part\u00edcipe de la creaci\u00f3n y desarrollo en el 2009, de la primera instituci\u00f3n micro-financiera en el pa\u00eds, <\/span><\/span><\/span><span style=\"font-family: Arial,serif;\"><span style=\"font-size: small;\"><span lang=\"es-PR\"><i><b>Microfinanzas Puerto Rico, <\/b><\/i><\/span><\/span><\/span><span style=\"font-family: Arial,serif;\"><span style=\"font-size: small;\"><span lang=\"es-PR\">entidad donde fungi\u00f3 como Desarrolladora de Negocios y luego, Vicepresidente Ejecutiva, hasta febrero del 2013. De igual forma, y con el fin de aportar a instruir de una manera clara y simple al pa\u00eds, en el 2012 crea junto a su esposo Efra\u00edn A. S\u00e1nchez, MBA-ACC el primer programa de televisi\u00f3n en vivo, de temas econ\u00f3micos y financieros que cuenta con la participaci\u00f3n del p\u00fablico, <\/span><\/span><\/span><span style=\"font-family: Arial,serif;\"><span style=\"font-size: small;\"><span lang=\"es-PR\"><i><b>Tu Salud Financiera. <\/b><\/i><\/span><\/span><\/span><span style=\"font-family: Arial,serif;\"><span style=\"font-size: small;\"><span lang=\"es-PR\">Programa que ofrece herramientas y soluciones para que aprendamos a tomar control de nuestro dinero, llevando as\u00ed la situaci\u00f3n econ\u00f3mica actual del pa\u00eds, y el mundo, desde una perspectiva optimista de grandes posibilidades. <\/span><\/span><\/span><\/p>\n<p class=\"western\" align=\"justify\"><span style=\"font-family: Arial,serif;\"><span style=\"font-size: small;\"><span lang=\"es-PR\">Actualmente, es Vicepresidente de la Junta de Directores del negocio familiar creado en el 2008, <\/span><\/span><\/span><span style=\"font-family: Arial,serif;\"><span style=\"font-size: small;\"><span lang=\"es-PR\"><i><b>E\u00b2 Solutions Corp<\/b><\/i><\/span><\/span><\/span><span style=\"font-family: Arial,serif;\"><span style=\"font-size: small;\"><span lang=\"es-PR\">, empresa de Desarrollo de Negocios que trabaja de forma integrada las necesidades empresariales, desde la diversificaci\u00f3n de los canales de distribuci\u00f3n, la revaluaci\u00f3n y la reestructuraci\u00f3n financiera y operacional, hasta el financiamiento, las inversiones y los seguros, todo ello con el fin de lograr en una empresa de crecimiento y rendimiento. P<\/span><\/span><\/span><span style=\"font-family: Arial,serif;\"><span style=\"font-size: small;\"><span lang=\"es-PR\">reside la Junta de Directores de la <\/span><\/span><\/span><span style=\"font-family: Arial,serif;\"><span style=\"font-size: small;\"><span lang=\"es-PR\"><i><b>Puerto Rico Business Development Corporation<\/b><\/i><\/span><\/span><\/span><span style=\"font-family: Arial,serif;\"><span style=\"font-size: small;\"><span lang=\"es-PR\">, desde el 2015, una CDC certificada con m\u00e1s de 15 a\u00f1os de existencia, que ahora cuenta con un proyecto de expansi\u00f3n y desarrollo para las PYMES del pa\u00eds. \u00a0<\/span><\/span><\/span><\/p>\n<p class=\"western\" align=\"justify\"><a name=\"_GoBack\"><\/a> <span style=\"font-family: Arial,serif;\"><span style=\"font-size: small;\">Enid, como todos la conocen, estudi\u00f3 ciencias pol\u00edticas y literatura comparada en Washington University en St. Louis, Missouri, gradu\u00e1ndose con honores, y con un minor en canto l\u00edrico e ingl\u00e9s. Adem\u00e1s, posee un Juris Doctor de la Facultad de Derecho de la Universidad de Puerto Rico, licencia de seguros y es Coach Certificado. Su experiencia la lleva a participar activamente en varias juntas de directores y de s\u00edndicos, de compa\u00f1\u00edas p\u00fablicas, privadas, organizaciones sin fines de lucro y fundaciones, adem\u00e1s de participar en varias asociaciones empresariales, comerciales y legales. Mujer activa, amante de la lectura, la meditaci\u00f3n, el piano y el canto y de las capacidades infinitas de desarrollo personal de sus clientes.<\/span><\/span><\/p>\n<p>Telephone: 787-200-2721<\/p>\n<p>Email: <a href=\"mailto:eflores@tubufetelegal.com\">eflores@tubufetelegal.com<\/a><\/p>\n","protected":false},"excerpt":{"rendered":"<p>Lcda. Enid D. Flores Abogada con concentraci\u00f3n en el \u00e1rea corporativa, bancaria, condominio y litigaci\u00f3n civil, adem\u00e1s de la notaria. La Lcda. Enid D. Flores, cuenta con m\u00e1s de 19 a\u00f1os de experiencia en la industria bancaria a nivel local e internacional. Dentro del sector bancario, tanto p\u00fablico como privado, ha tenido el privilegio de&hellip;&nbsp;<\/p>\n<div class=\"read-more-wrapper\"><a href=\"https:\/\/www.tubufetelegal.com\/en\/about\/\" class=\"button button-secondary\" rel=\"bookmark\">Read More &raquo;<span class=\"screen-reader-text\">Nosotros<\/span><\/a><\/div>\n","protected":false},"author":1,"featured_media":20,"parent":0,"menu_order":0,"comment_status":"closed","ping_status":"closed","template":"","meta":{"inline_featured_image":false,"_coblocks_attr":"","_coblocks_dimensions":"","_coblocks_responsive_height":"","_coblocks_accordion_ie_support":"","neve_meta_sidebar":"","neve_meta_container":"","neve_meta_enable_content_width":"","neve_meta_content_width":0,"neve_meta_title_alignment":"","neve_meta_author_avatar":"","neve_post_elements_order":"","neve_meta_disable_header":"","neve_meta_disable_footer":"","neve_meta_disable_title":"","neve_meta_reading_time":"","_themeisle_gutenberg_block_has_review":false,"footnotes":""},"class_list":["post-14","page","type-page","status-publish","has-post-thumbnail","hentry"],"_links":{"self":[{"href":"https:\/\/www.tubufetelegal.com\/en\/wp-json\/wp\/v2\/pages\/14","targetHints":{"allow":["GET"]}}],"collection":[{"href":"https:\/\/www.tubufetelegal.com\/en\/wp-json\/wp\/v2\/pages"}],"about":[{"href":"https:\/\/www.tubufetelegal.com\/en\/wp-json\/wp\/v2\/types\/page"}],"author":[{"embeddable":true,"href":"https:\/\/www.tubufetelegal.com\/en\/wp-json\/wp\/v2\/users\/1"}],"replies":[{"embeddable":true,"href":"https:\/\/www.tubufetelegal.com\/en\/wp-json\/wp\/v2\/comments?post=14"}],"version-history":[{"count":6,"href":"https:\/\/www.tubufetelegal.com\/en\/wp-json\/wp\/v2\/pages\/14\/revisions"}],"predecessor-version":[{"id":32,"href":"https:\/\/www.tubufetelegal.com\/en\/wp-json\/wp\/v2\/pages\/14\/revisions\/32"}],"wp:featuredmedia":[{"embeddable":true,"href":"https:\/\/www.tubufetelegal.com\/en\/wp-json\/wp\/v2\/media\/20"}],"wp:attachment":[{"href":"https:\/\/www.tubufetelegal.com\/en\/wp-json\/wp\/v2\/media?parent=14"}],"curies":[{"name":"wp","href":"https:\/\/api.w.org\/{rel}","templated":true}]}}